{"id":39,"date":"2023-01-16T13:14:25","date_gmt":"2023-01-16T13:14:25","guid":{"rendered":"http:\/\/activityholidayscroatia.com\/about-us\/"},"modified":"2024-03-06T15:36:26","modified_gmt":"2024-03-06T15:36:26","slug":"om-os","status":"publish","type":"page","link":"https:\/\/activityholidayscroatia.com\/da\/about-us\/","title":{"rendered":"Om os"},"content":{"rendered":"<p>Under min opv\u00e6kst har jeg altid haft en fork\u00e6rlighed for Kroatien, og jeg har bes\u00f8gt landet ved enhver given lejlighed. Fra at sv\u00f8mme i det krystalklare vand i Adriaterhavet til at udforske de historiske byer og landsbyer - Kroatien har altid haft en s\u00e6rlig plads i mit hjerte.<\/p>\n\n\n\n<p>Denne k\u00e6rlighed til landet blev kun st\u00e6rkere, da jeg fik mulighed for at starte mit eget brand, Activity Holidays Croatia, som specialiserer sig i at tilbyde oplevelsesferier til vores g\u00e6ster. Jeg var endnu mere begejstret for at starte dette brand, da jeg kendte alle de oplevelsesmuligheder, som Kroatien har at byde p\u00e5, ikke bare for mig, men for alle bes\u00f8gende.<\/p>\n\n\n\n<h2 class=\"wp-block-heading\">Kroatien byder p\u00e5 masser af eventyr<\/h2>\n\n\n\n<p>En af Kroatiens st\u00f8rste attraktioner er Adriaterhavskysten, som byder p\u00e5 et v\u00e6ld af oplevelsesmuligheder. Fra det krystalklare vand i Adriaterhavet til de forrevne klipper og \u00f8er er kystlinjen en legeplads for udend\u00f8rsentusiaster.<\/p>\n\n\n\n<p>Fra kajaksejlads langs kysten til vandreture og bjergbestigning i nationalparker som Plitvice-s\u00f8erne og Krka - der er ingen mangel p\u00e5 udend\u00f8rsaktiviteter i Kroatien. Landets varierede landskab giver ogs\u00e5 mulighed for ziplining og rafting, en fantastisk m\u00e5de at opleve Kroatiens naturlige sk\u00f8nhed p\u00e5, mens man f\u00e5r et adrenalinsus. Og glem ikke at cykle langs kysten, som er en af de bedste m\u00e5der at udforske det indre af landet p\u00e5.<\/p>\n\n\n\n<p>Vores eventyrferier kombinerer alt det ovenst\u00e5ende og mere til i unikke pakker, der giver dig mulighed for at opleve Kroatiens sande sk\u00f8nhed. Uanset om du er en erfaren udend\u00f8rsentusiast eller bare p\u00e5 udkig efter lidt sjov, har vi noget for dig.<\/p>\n\n\n\n<figure class=\"wp-block-image size-large\"><img loading=\"lazy\" decoding=\"async\" width=\"1024\" height=\"681\" src=\"https:\/\/activityholidayscroatia.com\/wp-content\/uploads\/see-kayaking-dubrovnik-1024x681.webp\" alt=\"Havkajak rundt om Dubrovnik\" class=\"wp-image-906\" srcset=\"https:\/\/activityholidayscroatia.com\/wp-content\/uploads\/see-kayaking-dubrovnik-1024x681.webp 1024w, https:\/\/activityholidayscroatia.com\/wp-content\/uploads\/see-kayaking-dubrovnik-300x200.webp 300w, https:\/\/activityholidayscroatia.com\/wp-content\/uploads\/see-kayaking-dubrovnik-768x511.webp 768w, https:\/\/activityholidayscroatia.com\/wp-content\/uploads\/see-kayaking-dubrovnik-1536x1022.webp 1536w, https:\/\/activityholidayscroatia.com\/wp-content\/uploads\/see-kayaking-dubrovnik-2048x1363.webp 2048w, https:\/\/activityholidayscroatia.com\/wp-content\/uploads\/see-kayaking-dubrovnik-18x12.webp 18w, https:\/\/activityholidayscroatia.com\/wp-content\/uploads\/see-kayaking-dubrovnik-scaled.webp 1920w\" sizes=\"auto, (max-width: 1024px) 100vw, 1024px\" \/><figcaption class=\"wp-element-caption\">Ingen mangel p\u00e5 episke eventyr<\/figcaption><\/figure>\n\n\n\n<h2 class=\"wp-block-heading\">Vi br\u00e6nder for at planl\u00e6gge din stressfri ferie<\/h2>\n\n\n\n<p>Vores ferier er <strong>Selvguidet<\/strong>Det betyder, at ingen guide vil forstyrre dig under dit ophold i Kroatien. Men det betyder ikke, at det beh\u00f8ver at v\u00e6re mere stressende.<\/p>\n\n\n\n<p>Vi forst\u00e5r, at det kan v\u00e6re overv\u00e6ldende og tidskr\u00e6vende at planl\u00e6gge en ferie, og derfor er <strong>Vi tager os af al logistikken<\/strong>, s\u00e5 du kan fokusere p\u00e5 at f\u00e5 en uforglemmelig oplevelse i Kroatien.<\/p>\n\n\n\n<p>Vi booker <strong>Indkvartering<\/strong> og <strong>aktiviteter<\/strong>, arrangere <strong>Overf\u00f8rsler<\/strong> (f\u00e6rger og shuttlebusser), og give dig en <strong>Detaljeret rejseplan<\/strong>. P\u00e5 den m\u00e5de kan du f\u00e5 en stressfri rejse og virkelig nyde din tid i Kroatien.<\/p>\n\n\n\n<figure class=\"wp-block-image size-large\"><img loading=\"lazy\" decoding=\"async\" width=\"1024\" height=\"768\" src=\"https:\/\/activityholidayscroatia.com\/wp-content\/uploads\/snorkeling-trip-croatia-1024x768.webp\" alt=\"Tid til snorkling og sv\u00f8mning\" class=\"wp-image-977\" srcset=\"https:\/\/activityholidayscroatia.com\/wp-content\/uploads\/snorkeling-trip-croatia-1024x768.webp 1024w, https:\/\/activityholidayscroatia.com\/wp-content\/uploads\/snorkeling-trip-croatia-300x225.webp 300w, https:\/\/activityholidayscroatia.com\/wp-content\/uploads\/snorkeling-trip-croatia-768x576.webp 768w, https:\/\/activityholidayscroatia.com\/wp-content\/uploads\/snorkeling-trip-croatia-1536x1152.webp 1536w, https:\/\/activityholidayscroatia.com\/wp-content\/uploads\/snorkeling-trip-croatia-2048x1536.webp 2048w, https:\/\/activityholidayscroatia.com\/wp-content\/uploads\/snorkeling-trip-croatia-16x12.webp 16w, https:\/\/activityholidayscroatia.com\/wp-content\/uploads\/snorkeling-trip-croatia-scaled.webp 1920w\" sizes=\"auto, (max-width: 1024px) 100vw, 1024px\" \/><figcaption class=\"wp-element-caption\">Vi g\u00f8r det stressfrit, s\u00e5 du kan fokusere p\u00e5 at have det sjovt.<\/figcaption><\/figure>\n\n\n\n<p>Vi er dedikerede til at give vores g\u00e6ster den <strong>Den bedst mulige oplevelse i Kroatien<\/strong>. Fra det \u00f8jeblik, du sp\u00f8rger om en af vores ferier, til det \u00f8jeblik, du vender hjem, er vi her for at hj\u00e6lpe. Vores team br\u00e6nder for Kroatien, og vi deler gerne ud af vores viden og ekspertise for at hj\u00e6lpe dig med at planl\u00e6gge den perfekte ferie.<\/p>\n\n\n\n<p>Hvis du er interesseret i en af vores ferier eller har sp\u00f8rgsm\u00e5l, s\u00e5 t\u00f8v ikke med at ringe til <a href=\"https:\/\/activityholidayscroatia.com\/da\/undersogelse\/\">sp\u00f8rg<\/a>. Vi vil meget gerne hj\u00e6lpe dig med at planl\u00e6gge dit n\u00e6ste eventyr i Kroatien!<\/p>\n\n\n\n<p>For dem, der har en s\u00e6rlig interesse i aktivitetsferier i Kroatiens forskelligartede landskaber, anbefaler vi at udforske <a href=\"https:\/\/walkingholidayscroatia.com\/\">Vandreferie i Kroatien<\/a>, eller <a href=\"https:\/\/cyclingholidayscroatia.com\/\">Cykelferie i Kroatien<\/a>vores specialiserede platforme, der er dedikeret til kuraterede vandre- og cykeleventyr i hele landet.<\/p>\n\n\n\n<p>Hvis du er interesseret i andre eventyrsteder, s\u00e5 tjek ud:<\/p>\n\n\n\n<ul class=\"wp-block-list\">\n<li><a href=\"https:\/\/adventure-holidays-slovenia.com\/\">Eventyrferie i Slovenien<\/a><\/li>\n\n\n\n<li><a href=\"https:\/\/adventureholidaysnorway.com\/\">Eventyrferie i Norge<\/a><\/li>\n\n\n\n<li><a href=\"https:\/\/activityholidaysitaly.com\/\">Aktivitetsferier i Italien<\/a><\/li>\n<\/ul>","protected":false},"excerpt":{"rendered":"<p>Under min opv\u00e6kst har jeg altid haft en fork\u00e6rlighed for Kroatien, og jeg har bes\u00f8gt landet ved enhver given lejlighed. Fra at sv\u00f8mme i det krystalklare vand i Adriaterhavet til at udforske de historiske byer og landsbyer - Kroatien har altid haft en s\u00e6rlig plads i mit hjerte. Denne k\u00e6rlighed til landet voksede kun ... <a href=\"https:\/\/activityholidayscroatia.com\/da\/about-us\/\">Fortsat<\/a><\/p>","protected":false},"author":45,"featured_media":906,"parent":0,"menu_order":0,"comment_status":"open","ping_status":"open","template":"template-about-us.blade.php","meta":{"_acf_changed":false,"footnotes":""},"class_list":["post-39","page","type-page","status-publish","has-post-thumbnail","hentry"],"acf":{"page_subheading":"Get to know the people behind Activity Holidays Croatia and why we think this country should be on the top of the list for your next adventure."},"_links":{"self":[{"href":"https:\/\/activityholidayscroatia.com\/da\/wp-json\/wp\/v2\/pages\/39","targetHints":{"allow":["GET"]}}],"collection":[{"href":"https:\/\/activityholidayscroatia.com\/da\/wp-json\/wp\/v2\/pages"}],"about":[{"href":"https:\/\/activityholidayscroatia.com\/da\/wp-json\/wp\/v2\/types\/page"}],"author":[{"embeddable":true,"href":"https:\/\/activityholidayscroatia.com\/da\/wp-json\/wp\/v2\/users\/45"}],"replies":[{"embeddable":true,"href":"https:\/\/activityholidayscroatia.com\/da\/wp-json\/wp\/v2\/comments?post=39"}],"version-history":[{"count":11,"href":"https:\/\/activityholidayscroatia.com\/da\/wp-json\/wp\/v2\/pages\/39\/revisions"}],"predecessor-version":[{"id":24750,"href":"https:\/\/activityholidayscroatia.com\/da\/wp-json\/wp\/v2\/pages\/39\/revisions\/24750"}],"wp:featuredmedia":[{"embeddable":true,"href":"https:\/\/activityholidayscroatia.com\/da\/wp-json\/wp\/v2\/media\/906"}],"wp:attachment":[{"href":"https:\/\/activityholidayscroatia.com\/da\/wp-json\/wp\/v2\/media?parent=39"}],"curies":[{"name":"wp","href":"https:\/\/api.w.org\/{rel}","templated":true}]}}